{"id":16620,"date":"2025-04-07T16:15:54","date_gmt":"2025-04-07T09:15:54","guid":{"rendered":"https:\/\/www.vaicar.vn\/?post_type=product&#038;p=16620"},"modified":"2025-04-07T16:15:54","modified_gmt":"2025-04-07T09:15:54","slug":"vietmap-live","status":"publish","type":"product","link":"https:\/\/www.vaicar.vn\/en_us\/product\/vietmap-live\/","title":{"rendered":"VietMap Live"},"content":{"rendered":"<p>\u1ee8ng d\u1ee5ng VietmapLive l\u00e0 m\u1ed9t c\u00f4ng c\u1ee5 h\u1eefu \u00edch v\u00e0 ti\u1ec7n l\u1ee3i cho vi\u1ec7c theo d\u00f5i v\u00e0 qu\u1ea3n l\u00fd c\u00e1c thi\u1ebft b\u1ecb GPS c\u1ee7a b\u1ea1n. V\u1edbi VietmapLive, b\u1ea1n c\u00f3 th\u1ec3:<\/p>\n<p><strong>1. **Theo d\u00f5i v\u1ecb tr\u00ed th\u1eddi gian th\u1ef1c:**<\/strong><\/p>\n<p>\u1ee8ng d\u1ee5ng cho ph\u00e9p b\u1ea1n theo d\u00f5i v\u1ecb tr\u00ed c\u1ee7a c\u00e1c thi\u1ebft b\u1ecb GPS c\u1ee7a m\u00ecnh trong th\u1eddi gian th\u1ef1c. \u0110i\u1ec1u n\u00e0y r\u1ea5t h\u1eefu \u00edch \u0111\u1ec3 ki\u1ec3m so\u00e1t v\u00e0 qu\u1ea3n l\u00fd c\u00e1c ph\u01b0\u01a1ng ti\u1ec7n di chuy\u1ec3n, b\u1ea3o v\u1ec7 t\u00e0i s\u1ea3n v\u00e0 \u0111\u1ea3m b\u1ea3o an to\u00e0n cho ng\u01b0\u1eddi d\u00f9ng.<\/p>\n<p><img fetchpriority=\"high\" decoding=\"async\" class=\"aligncenter\" src=\"https:\/\/bizweb.dktcdn.net\/100\/415\/690\/files\/microsoftteams-image-63-min.png?v=1692193865236\" width=\"961\" height=\"557\" \/><\/p>\n<p>[read more]<\/p>\n<p><strong>2. **Xem l\u1ecbch s\u1eed di chuy\u1ec3n:** <\/strong><\/p>\n<p>B\u1ea1n c\u00f3 th\u1ec3 xem l\u1ecbch s\u1eed di chuy\u1ec3n c\u1ee7a c\u00e1c thi\u1ebft b\u1ecb GPS trong m\u1ed9t kho\u1ea3ng th\u1eddi gian c\u1ee5 th\u1ec3. Vi\u1ec7c n\u00e0y gi\u00fap b\u1ea1n hi\u1ec3u r\u00f5 h\u01a1n v\u1ec1 c\u00e1c ho\u1ea1t \u0111\u1ed9ng di chuy\u1ec3n tr\u01b0\u1edbc \u0111\u00f3 c\u1ee7a xe ho\u1eb7c ng\u01b0\u1eddi d\u00f9ng GPS.<\/p>\n<p><strong>3. **C\u1ea3nh b\u00e1o v\u00e0 th\u00f4ng b\u00e1o:** <\/strong><\/p>\n<p>VietmapLive cung c\u1ea5p c\u00e1c t\u00ednh n\u0103ng c\u1ea3nh b\u00e1o v\u00e0 th\u00f4ng b\u00e1o \u0111\u1ec3 b\u1ea1n c\u00f3 th\u1ec3 nh\u1eadn \u0111\u01b0\u1ee3c th\u00f4ng tin quan tr\u1ecdng ngay khi n\u00f3 x\u1ea3y ra. \u0110i\u1ec1u n\u00e0y gi\u00fap b\u1ea1n ph\u1ea3n \u1ee9ng k\u1ecbp th\u1eddi \u0111\u1ed1i v\u1edbi c\u00e1c t\u00ecnh hu\u1ed1ng c\u1ea7n thi\u1ebft.<\/p>\n<p><img decoding=\"async\" class=\"aligncenter\" src=\"https:\/\/bizweb.dktcdn.net\/100\/415\/690\/files\/microsoftteams-image-58.png?v=1692193754128\" width=\"962\" height=\"558\" \/><\/p>\n<p><strong>4. **Qu\u1ea3n l\u00fd thi\u1ebft b\u1ecb:** <\/strong><\/p>\n<p>B\u1ea1n c\u00f3 th\u1ec3 qu\u1ea3n l\u00fd v\u00e0 theo d\u00f5i nhi\u1ec1u thi\u1ebft b\u1ecb GPS t\u1eeb c\u00f9ng m\u1ed9t \u1ee9ng d\u1ee5ng, gi\u00fap b\u1ea1n d\u1ec5 d\u00e0ng qu\u1ea3n l\u00fd m\u1ed9t l\u01b0\u1ee3ng l\u1edbn c\u00e1c ph\u01b0\u01a1ng ti\u1ec7n ho\u1eb7c t\u00e0i s\u1ea3n.<\/p>\n<p><img decoding=\"async\" class=\"aligncenter\" src=\"https:\/\/bizweb.dktcdn.net\/100\/415\/690\/files\/microsoftteams-image-65.png?v=1692193787650\" width=\"954\" height=\"553\" \/><\/p>\n<p><strong>5. **B\u1ea3o m\u1eadt v\u00e0 quy\u1ec1n ri\u00eang t\u01b0:** <\/strong><\/p>\n<p>VietmapLive cam k\u1ebft b\u1ea3o v\u1ec7 th\u00f4ng tin c\u00e1 nh\u00e2n v\u00e0 quy\u1ec1n ri\u00eang t\u01b0 c\u1ee7a ng\u01b0\u1eddi d\u00f9ng, \u0111\u1ea3m b\u1ea3o r\u1eb1ng d\u1eef li\u1ec7u c\u1ee7a b\u1ea1n lu\u00f4n \u0111\u01b0\u1ee3c b\u1ea3o m\u1eadt v\u00e0 an to\u00e0n.<\/p>\n<p>V\u1edbi VietmapLive, b\u1ea1n c\u00f3 th\u1ec3 c\u00f3 \u0111\u01b0\u1ee3c s\u1ef1 an t\u00e2m v\u00e0 ki\u1ec3m so\u00e1t \u0111\u1ed1i v\u1edbi c\u00e1c thi\u1ebft b\u1ecb GPS c\u1ee7a m\u00ecnh m\u1ecdi l\u00fac, m\u1ecdi n\u01a1i.<\/p>\n<p><img loading=\"lazy\" decoding=\"async\" class=\"aligncenter\" src=\"https:\/\/bizweb.dktcdn.net\/100\/415\/690\/files\/biggic-3-70d24d02-78de-4efa-9c44-6bdafaeee3e6.png?v=1692193819354\" width=\"985\" height=\"571\" \/><\/p>\n<p>[\/read]<\/p>","protected":false},"excerpt":{"rendered":"<p>\u1ee8ng d\u1ee5ng VietmapLive l\u00e0 m\u1ed9t c\u00f4ng c\u1ee5 h\u1eefu \u00edch v\u00e0 ti\u1ec7n l\u1ee3i cho vi\u1ec7c theo d\u00f5i v\u00e0 qu\u1ea3n l\u00fd c\u00e1c<\/p>","protected":false},"featured_media":16623,"comment_status":"open","ping_status":"closed","template":"","meta":{"om_disable_all_campaigns":false,"_monsterinsights_skip_tracking":false,"_monsterinsights_sitenote_active":false,"_monsterinsights_sitenote_note":"","_monsterinsights_sitenote_category":0},"product_brand":[],"product_cat":[170],"product_tag":[],"class_list":{"0":"post-16620","1":"product","2":"type-product","3":"status-publish","4":"has-post-thumbnail","6":"product_cat-relate-product","8":"first","9":"instock","10":"shipping-taxable","11":"purchasable","12":"product-type-variable"},"aioseo_notices":[],"_links":{"self":[{"href":"https:\/\/www.vaicar.vn\/en_us\/wp-json\/wp\/v2\/product\/16620","targetHints":{"allow":["GET"]}}],"collection":[{"href":"https:\/\/www.vaicar.vn\/en_us\/wp-json\/wp\/v2\/product"}],"about":[{"href":"https:\/\/www.vaicar.vn\/en_us\/wp-json\/wp\/v2\/types\/product"}],"replies":[{"embeddable":true,"href":"https:\/\/www.vaicar.vn\/en_us\/wp-json\/wp\/v2\/comments?post=16620"}],"version-history":[{"count":1,"href":"https:\/\/www.vaicar.vn\/en_us\/wp-json\/wp\/v2\/product\/16620\/revisions"}],"predecessor-version":[{"id":16624,"href":"https:\/\/www.vaicar.vn\/en_us\/wp-json\/wp\/v2\/product\/16620\/revisions\/16624"}],"wp:featuredmedia":[{"embeddable":true,"href":"https:\/\/www.vaicar.vn\/en_us\/wp-json\/wp\/v2\/media\/16623"}],"wp:attachment":[{"href":"https:\/\/www.vaicar.vn\/en_us\/wp-json\/wp\/v2\/media?parent=16620"}],"wp:term":[{"taxonomy":"product_brand","embeddable":true,"href":"https:\/\/www.vaicar.vn\/en_us\/wp-json\/wp\/v2\/product_brand?post=16620"},{"taxonomy":"product_cat","embeddable":true,"href":"https:\/\/www.vaicar.vn\/en_us\/wp-json\/wp\/v2\/product_cat?post=16620"},{"taxonomy":"product_tag","embeddable":true,"href":"https:\/\/www.vaicar.vn\/en_us\/wp-json\/wp\/v2\/product_tag?post=16620"}],"curies":[{"name":"wp","href":"https:\/\/api.w.org\/{rel}","templated":true}]}}