{"id":16756,"date":"2025-04-07T18:56:12","date_gmt":"2025-04-07T11:56:12","guid":{"rendered":"https:\/\/www.vaicar.vn\/?post_type=product&#038;p=16756"},"modified":"2025-04-07T19:02:09","modified_gmt":"2025-04-07T12:02:09","slug":"zestech-dx300","status":"publish","type":"product","link":"https:\/\/www.vaicar.vn\/en_us\/product\/zestech-dx300\/","title":{"rendered":"Zestech DX300"},"content":{"rendered":"<p><strong>### Gi\u1edbi Thi\u1ec7u Android Box Zestech DX300<\/strong><\/p>\n<p>Android Box Zestech DX300 l\u00e0 m\u1ed9t thi\u1ebft b\u1ecb c\u00f4ng ngh\u1ec7 cao c\u1ea5p d\u00e0nh cho \u00f4 t\u00f4, mang \u0111\u1ebfn cho ng\u01b0\u1eddi d\u00f9ng nh\u1eefng tr\u1ea3i nghi\u1ec7m gi\u1ea3i tr\u00ed v\u00e0 ti\u1ec7n \u00edch tuy\u1ec7t v\u1eddi ngay tr\u00ean xe. V\u1edbi c\u1ea5u h\u00ecnh m\u1ea1nh m\u1ebd v\u00e0 t\u00ednh n\u0103ng \u0111a d\u1ea1ng, DX300 h\u1ee9a h\u1eb9n s\u1ebd l\u00e0 ng\u01b0\u1eddi b\u1ea1n \u0111\u1ed3ng h\u00e0nh ho\u00e0n h\u1ea3o tr\u00ean m\u1ecdi h\u00e0nh tr\u00ecnh.<\/p>\n<p><strong>#### C\u00e1c T\u00ednh N\u0103ng N\u1ed5i B\u1eadt<\/strong><\/p>\n<p><strong>1. **C\u1ea5u H\u00ecnh V\u01b0\u1ee3t Tr\u1ed9i**<\/strong><br \/>\n&#8211; **B\u1ed9 x\u1eed l\u00fd m\u1ea1nh m\u1ebd:** Zestech DX300 \u0111\u01b0\u1ee3c trang b\u1ecb vi x\u1eed l\u00fd ti\u00ean ti\u1ebfn, \u0111\u1ea3m b\u1ea3o kh\u1ea3 n\u0103ng x\u1eed l\u00fd m\u01b0\u1ee3t m\u00e0 m\u1ecdi \u1ee9ng d\u1ee5ng t\u1eeb xem phim, ch\u01a1i game \u0111\u1ebfn duy\u1ec7t web.<br \/>\n&#8211; **RAM v\u00e0 ROM l\u1edbn:** Dung l\u01b0\u1ee3ng RAM v\u00e0 ROM r\u1ed9ng r\u00e3i, cho ph\u00e9p l\u01b0u tr\u1eef v\u00e0 ch\u1ea1y nhi\u1ec1u \u1ee9ng d\u1ee5ng c\u00f9ng l\u00fac m\u00e0 kh\u00f4ng g\u1eb7p t\u00ecnh tr\u1ea1ng gi\u1eadt lag.<\/p>\n<p><strong>2. **Giao Di\u1ec7n Th\u00e2n Thi\u1ec7n Ng\u01b0\u1eddi D\u00f9ng**<\/strong><br \/>\n&#8211; **H\u1ec7 \u0111i\u1ec1u h\u00e0nh Android:** S\u1eed d\u1ee5ng h\u1ec7 \u0111i\u1ec1u h\u00e0nh Android m\u1edbi nh\u1ea5t, giao di\u1ec7n d\u1ec5 s\u1eed d\u1ee5ng, h\u1ed7 tr\u1ee3 nhi\u1ec1u \u1ee9ng d\u1ee5ng t\u1eeb Google Play.<br \/>\n&#8211; **T\u00f9y bi\u1ebfn linh ho\u1ea1t:** Giao di\u1ec7n ng\u01b0\u1eddi d\u00f9ng c\u00f3 th\u1ec3 d\u1ec5 d\u00e0ng t\u00f9y ch\u1ec9nh theo s\u1edf th\u00edch c\u00e1 nh\u00e2n, mang l\u1ea1i tr\u1ea3i nghi\u1ec7m s\u1eed d\u1ee5ng t\u1ed1i \u01b0u.<\/p>\n<p><strong>3. **K\u1ebft N\u1ed1i \u0110a D\u1ea1ng**<\/strong><br \/>\n&#8211; **WiFi v\u00e0 Bluetooth:** H\u1ed7 tr\u1ee3 k\u1ebft n\u1ed1i WiFi v\u00e0 Bluetooth, d\u1ec5 d\u00e0ng k\u1ebft n\u1ed1i v\u1edbi Internet v\u00e0 c\u00e1c thi\u1ebft b\u1ecb kh\u00e1c nh\u01b0 \u0111i\u1ec7n tho\u1ea1i, tai nghe, loa ngo\u00e0i.<br \/>\n&#8211; **GPS t\u00edch h\u1ee3p:** H\u1ed7 tr\u1ee3 GPS ch\u00ednh x\u00e1c, gi\u00fap b\u1ea1n d\u1eabn \u0111\u01b0\u1eddng v\u00e0 \u0111\u1ecbnh v\u1ecb m\u1ed9t c\u00e1ch hi\u1ec7u qu\u1ea3 tr\u00ean m\u1ecdi cung \u0111\u01b0\u1eddng.<\/p>\n<p><strong>4. **Gi\u1ea3i Tr\u00ed \u0110a Ph\u01b0\u01a1ng Ti\u1ec7n**<\/strong><br \/>\n&#8211; **Xem phim, nghe nh\u1ea1c:** H\u1ed7 tr\u1ee3 ph\u00e1t video HD v\u00e0 \u00e2m nh\u1ea1c ch\u1ea5t l\u01b0\u1ee3ng cao, gi\u00fap b\u1ea1n gi\u1ea3i tr\u00ed tho\u1ea3i m\u00e1i tr\u00ean xe.<br \/>\n&#8211; **Radio v\u00e0 TV tr\u1ef1c tuy\u1ebfn:** Truy c\u1eadp c\u00e1c k\u00eanh radio v\u00e0 TV tr\u1ef1c tuy\u1ebfn, cung c\u1ea5p th\u00f4ng tin v\u00e0 gi\u1ea3i tr\u00ed li\u00ean t\u1ee5c.<\/p>\n<p><strong>5. **\u0110i\u1ec1u Khi\u1ec3n B\u1eb1ng Gi\u1ecdng N\u00f3i**<\/strong><br \/>\n&#8211; **Tr\u1ee3 l\u00fd \u1ea3o th\u00f4ng minh:** T\u00edch h\u1ee3p tr\u1ee3 l\u00fd \u1ea3o, cho ph\u00e9p b\u1ea1n \u0111i\u1ec1u khi\u1ec3n thi\u1ebft b\u1ecb b\u1eb1ng gi\u1ecdng n\u00f3i, t\u0103ng t\u00ednh an to\u00e0n v\u00e0 ti\u1ec7n l\u1ee3i khi l\u00e1i xe.<\/p>\n<p><strong>#### \u01afu \u0110i\u1ec3m<\/strong><\/p>\n<p>&#8211; **D\u1ec5 d\u00e0ng l\u1eafp \u0111\u1eb7t:** Thi\u1ebft k\u1ebf d\u1ec5 d\u00e0ng l\u1eafp \u0111\u1eb7t m\u00e0 kh\u00f4ng c\u1ea7n thay \u0111\u1ed5i h\u1ec7 th\u1ed1ng \u0111i\u1ec7n c\u1ee7a xe.<br \/>\n&#8211; **N\u00e2ng c\u1ea5p tr\u1ea3i nghi\u1ec7m l\u00e1i xe:** Bi\u1ebfn chi\u1ebfc xe c\u1ee7a b\u1ea1n th\u00e0nh m\u1ed9t kh\u00f4ng gian gi\u1ea3i tr\u00ed v\u00e0 ti\u1ec7n nghi \u0111\u1eb3ng c\u1ea5p.<br \/>\n&#8211; **Gi\u00e1 c\u1ea3 h\u1ee3p l\u00fd:** V\u1edbi nhi\u1ec1u t\u00ednh n\u0103ng \u01b0u vi\u1ec7t, Zestech DX300 c\u00f3 m\u1ee9c gi\u00e1 c\u1ea1nh tranh, ph\u00f9 h\u1ee3p v\u1edbi nhi\u1ec1u ng\u01b0\u1eddi d\u00f9ng.<\/p>\n<p><strong>#### K\u1ebft Lu\u1eadn<\/strong><\/p>\n<p>Android Box Zestech DX300 l\u00e0 l\u1ef1a ch\u1ecdn ho\u00e0n h\u1ea3o \u0111\u1ec3 n\u00e2ng c\u1ea5p tr\u1ea3i nghi\u1ec7m gi\u1ea3i tr\u00ed v\u00e0 ti\u1ec7n \u00edch tr\u00ean \u00f4 t\u00f4 c\u1ee7a b\u1ea1n. V\u1edbi c\u1ea5u h\u00ecnh m\u1ea1nh m\u1ebd, t\u00ednh n\u0103ng \u0111a d\u1ea1ng v\u00e0 gi\u00e1 c\u1ea3 h\u1ee3p l\u00fd, s\u1ea3n ph\u1ea9m n\u00e0y ch\u1eafc ch\u1eafn s\u1ebd \u0111\u00e1p \u1ee9ng m\u1ecdi nhu c\u1ea7u c\u1ee7a b\u1ea1n. H\u00e3y trang b\u1ecb ngay cho chi\u1ebfc xe c\u1ee7a b\u1ea1n Android Box Zestech DX300 \u0111\u1ec3 t\u1eadn h\u01b0\u1edfng nh\u1eefng chuy\u1ebfn \u0111i th\u00fa v\u1ecb v\u00e0 ti\u1ec7n l\u1ee3i h\u01a1n bao gi\u1edd h\u1ebft!<\/p>","protected":false},"excerpt":{"rendered":"<div style=\"display: flex; flex-direction: column; border-bottom: 1px solid black; white-space: nowrap; margin-bottom: 10px;\">\n<h6 style=\"margin: 0;\"><img decoding=\"async\" class=\"alignnone size-full wp-image-16095\" src=\"https:\/\/vrtechvn.vn\/wp-content\/uploads\/2024\/05\/cpu.jpg\" alt=\"\" width=\"24\" height=\"24\" \/> <strong>CPU<\/strong><\/h6>\n<h6 style=\"margin: 0; align-self: flex-end;\">SM 6225<\/h6>\n<\/div>\n<div style=\"display: flex; flex-direction: column; border-bottom: 1px solid black; white-space: nowrap; margin-top: 10px; margin-bottom: 10px;\">\n<h6 style=\"margin: 0;\"><img decoding=\"async\" class=\"alignnone size-full wp-image-16130\" src=\"https:\/\/vrtechvn.vn\/wp-content\/uploads\/2024\/05\/ram.jpg\" alt=\"\" width=\"24\" height=\"24\" \/> <strong>RAM<\/strong><\/h6>\n<h6 style=\"margin: 0; align-self: flex-end;\"><strong>4G<\/strong><\/h6>\n<\/div>\n<div style=\"display: flex; flex-direction: column; border-bottom: 1px solid black; white-space: nowrap; margin-top: 10px;\">\n<h6 style=\"margin: 0;\"><img decoding=\"async\" class=\"alignnone size-full wp-image-16143\" src=\"https:\/\/vrtechvn.vn\/wp-content\/uploads\/2024\/05\/rom.jpg\" alt=\"\" width=\"24\" height=\"24\" \/> <strong>ROM<\/strong><\/h6>\n<h6 style=\"margin: 0; align-self: flex-end;\"><strong>64G<\/strong><\/h6>\n<\/div>\n<div style=\"display: flex; flex-direction: column; border-bottom: 1px solid black; white-space: nowrap; margin-top: 10px; margin-bottom: 10px;\">\n<h6 style=\"margin: 0;\"><img loading=\"lazy\" decoding=\"async\" class=\"alignnone size-full wp-image-16144\" src=\"https:\/\/vrtechvn.vn\/wp-content\/uploads\/2024\/05\/android.jpg\" alt=\"\" width=\"24\" height=\"24\" \/> <strong>ANDROID<\/strong><\/h6>\n<h6 style=\"margin: 0; align-self: flex-end;\"><strong>Android 13<\/strong><\/h6>\n<\/div>\n<div style=\"display: flex; flex-direction: column; border-bottom: 1px solid black; white-space: nowrap; margin-top: 10px; margin-bottom: 10px;\">\n<h6 style=\"margin: 0;\"><img loading=\"lazy\" decoding=\"async\" class=\"alignnone size-full wp-image-16145\" src=\"https:\/\/vrtechvn.vn\/wp-content\/uploads\/2024\/05\/wifi.jpg\" alt=\"\" width=\"24\" height=\"24\" \/> <strong>WIFI<\/strong><\/h6>\n<h6 style=\"margin: 0; align-self: flex-end;\"><strong>802.11 a\/b\/g\/n\/ac 2.4G<\/strong><\/h6>\n<\/div>\n<div style=\"display: flex; flex-direction: column; border-bottom: 1px solid black; white-space: nowrap; margin-top: 10px; margin-bottom: 10px;\">\n<h6 style=\"margin: 0;\"><img loading=\"lazy\" decoding=\"async\" class=\"alignnone size-full wp-image-16147\" src=\"https:\/\/vrtechvn.vn\/wp-content\/uploads\/2024\/05\/bl.jpg\" alt=\"\" width=\"24\" height=\"24\" \/> <strong>BLUETOOTH<\/strong><\/h6>\n<h6 style=\"margin: 0; align-self: flex-end;\"><strong>4.2 BLE<\/strong><\/h6>\n<\/div>\n<div style=\"display: flex; flex-direction: column; border-bottom: 1px solid black; white-space: nowrap; margin-top: 10px; margin-bottom: 10px;\">\n<h6 style=\"margin: 0;\"><img loading=\"lazy\" decoding=\"async\" class=\"alignnone size-full wp-image-16156\" src=\"https:\/\/vrtechvn.vn\/wp-content\/uploads\/2024\/05\/GPS.jpg\" alt=\"\" width=\"24\" height=\"24\" \/> <strong>GPS<\/strong><\/h6>\n<h6 style=\"margin: 0; align-self: flex-end;\"><strong>Built-in locating Antena support GPS<\/strong><\/h6>\n<\/div>\n<div style=\"display: flex; flex-direction: column; white-space: nowrap; margin-top: 10px; margin-bottom: 10px;\">\n<h6 style=\"margin: 0;\"><img loading=\"lazy\" decoding=\"async\" class=\"alignnone size-full wp-image-16148\" src=\"https:\/\/vrtechvn.vn\/wp-content\/uploads\/2024\/05\/sim.jpg\" alt=\"\" width=\"24\" height=\"24\" \/> <strong>Khe c\u1eafm<\/strong><\/h6>\n<h6 style=\"margin: 0; align-self: flex-end;\"><strong>USB Type C, Khe c\u1eafm th\u1ebb nh\u1edb MicroSD, Sim Card<\/strong><\/h6>\n<\/div>","protected":false},"featured_media":16759,"comment_status":"open","ping_status":"closed","template":"","meta":{"om_disable_all_campaigns":false,"_monsterinsights_skip_tracking":false,"_monsterinsights_sitenote_active":false,"_monsterinsights_sitenote_note":"","_monsterinsights_sitenote_category":0},"product_brand":[],"product_cat":[170],"product_tag":[],"class_list":{"0":"post-16756","1":"product","2":"type-product","3":"status-publish","4":"has-post-thumbnail","6":"product_cat-relate-product","8":"first","9":"instock","10":"shipping-taxable","11":"purchasable","12":"product-type-simple"},"aioseo_notices":[],"_links":{"self":[{"href":"https:\/\/www.vaicar.vn\/en_us\/wp-json\/wp\/v2\/product\/16756","targetHints":{"allow":["GET"]}}],"collection":[{"href":"https:\/\/www.vaicar.vn\/en_us\/wp-json\/wp\/v2\/product"}],"about":[{"href":"https:\/\/www.vaicar.vn\/en_us\/wp-json\/wp\/v2\/types\/product"}],"replies":[{"embeddable":true,"href":"https:\/\/www.vaicar.vn\/en_us\/wp-json\/wp\/v2\/comments?post=16756"}],"version-history":[{"count":1,"href":"https:\/\/www.vaicar.vn\/en_us\/wp-json\/wp\/v2\/product\/16756\/revisions"}],"predecessor-version":[{"id":16760,"href":"https:\/\/www.vaicar.vn\/en_us\/wp-json\/wp\/v2\/product\/16756\/revisions\/16760"}],"wp:featuredmedia":[{"embeddable":true,"href":"https:\/\/www.vaicar.vn\/en_us\/wp-json\/wp\/v2\/media\/16759"}],"wp:attachment":[{"href":"https:\/\/www.vaicar.vn\/en_us\/wp-json\/wp\/v2\/media?parent=16756"}],"wp:term":[{"taxonomy":"product_brand","embeddable":true,"href":"https:\/\/www.vaicar.vn\/en_us\/wp-json\/wp\/v2\/product_brand?post=16756"},{"taxonomy":"product_cat","embeddable":true,"href":"https:\/\/www.vaicar.vn\/en_us\/wp-json\/wp\/v2\/product_cat?post=16756"},{"taxonomy":"product_tag","embeddable":true,"href":"https:\/\/www.vaicar.vn\/en_us\/wp-json\/wp\/v2\/product_tag?post=16756"}],"curies":[{"name":"wp","href":"https:\/\/api.w.org\/{rel}","templated":true}]}}