{"id":16761,"date":"2025-04-07T19:01:30","date_gmt":"2025-04-07T12:01:30","guid":{"rendered":"https:\/\/www.vaicar.vn\/?post_type=product&#038;p=16761"},"modified":"2025-04-07T19:01:30","modified_gmt":"2025-04-07T12:01:30","slug":"zestech-dx14","status":"publish","type":"product","link":"https:\/\/www.vaicar.vn\/en_us\/product\/zestech-dx14\/","title":{"rendered":"Zestech DX14"},"content":{"rendered":"<p><strong>### Gi\u1edbi Thi\u1ec7u Android Box Zestech DX14<\/strong><\/p>\n<p>Android Box Zestech DX14 l\u00e0 m\u1ed9t s\u1ea3n ph\u1ea9m c\u00f4ng ngh\u1ec7 ti\u00ean ti\u1ebfn d\u00e0nh cho \u00f4 t\u00f4, gi\u00fap n\u00e2ng cao tr\u1ea3i nghi\u1ec7m gi\u1ea3i tr\u00ed v\u00e0 ti\u1ec7n \u00edch ngay tr\u00ean chi\u1ebfc xe c\u1ee7a b\u1ea1n. V\u1edbi nhi\u1ec1u t\u00ednh n\u0103ng hi\u1ec7n \u0111\u1ea1i v\u00e0 c\u1ea5u h\u00ecnh m\u1ea1nh m\u1ebd, thi\u1ebft b\u1ecb n\u00e0y ch\u1eafc ch\u1eafn s\u1ebd mang l\u1ea1i cho b\u1ea1n nh\u1eefng ph\u00fat gi\u00e2y th\u01b0 gi\u00e3n v\u00e0 ti\u1ec7n l\u1ee3i tr\u00ean m\u1ecdi h\u00e0nh tr\u00ecnh.<\/p>\n<p><strong>#### C\u00e1c T\u00ednh N\u0103ng N\u1ed5i B\u1eadt<\/strong><\/p>\n<p><strong>1. **Hi\u1ec7u N\u0103ng M\u1ea1nh M\u1ebd**<\/strong><br \/>\n&#8211; **Vi x\u1eed l\u00fd ti\u00ean ti\u1ebfn:** \u0110\u01b0\u1ee3c trang b\u1ecb vi x\u1eed l\u00fd cao c\u1ea5p, Zestech DX14 \u0111\u1ea3m b\u1ea3o m\u1ecdi t\u00e1c v\u1ee5 t\u1eeb gi\u1ea3i tr\u00ed \u0111\u1ebfn l\u00e0m vi\u1ec7c \u0111\u1ec1u di\u1ec5n ra m\u01b0\u1ee3t m\u00e0.<br \/>\n&#8211; **Dung l\u01b0\u1ee3ng RAM v\u00e0 ROM:** RAM l\u1edbn c\u00f9ng b\u1ed9 nh\u1edb ROM r\u1ed9ng r\u00e3i, cho ph\u00e9p c\u00e0i \u0111\u1eb7t nhi\u1ec1u \u1ee9ng d\u1ee5ng v\u00e0 l\u01b0u tr\u1eef d\u1eef li\u1ec7u tho\u1ea3i m\u00e1i m\u00e0 kh\u00f4ng lo b\u1ecb \u0111\u1ea7y.<\/p>\n<p><strong>2. **Giao Di\u1ec7n Th\u00e2n Thi\u1ec7n**<\/strong><br \/>\n&#8211; **H\u1ec7 \u0111i\u1ec1u h\u00e0nh Android:** S\u1eed d\u1ee5ng h\u1ec7 \u0111i\u1ec1u h\u00e0nh Android v\u1edbi giao di\u1ec7n tr\u1ef1c quan, d\u1ec5 s\u1eed d\u1ee5ng v\u00e0 t\u01b0\u01a1ng th\u00edch v\u1edbi nhi\u1ec1u \u1ee9ng d\u1ee5ng ph\u1ed5 bi\u1ebfn tr\u00ean Google Play.<br \/>\n&#8211; **T\u00f9y ch\u1ec9nh linh ho\u1ea1t:** Giao di\u1ec7n ng\u01b0\u1eddi d\u00f9ng c\u00f3 th\u1ec3 t\u00f9y ch\u1ec9nh theo s\u1edf th\u00edch c\u00e1 nh\u00e2n, gi\u00fap t\u1ed1i \u01b0u h\u00f3a tr\u1ea3i nghi\u1ec7m s\u1eed d\u1ee5ng.<\/p>\n<p><strong>3. **K\u1ebft N\u1ed1i To\u00e0n Di\u1ec7n**<\/strong><br \/>\n&#8211; **WiFi v\u00e0 Bluetooth:** H\u1ed7 tr\u1ee3 k\u1ebft n\u1ed1i WiFi v\u00e0 Bluetooth, d\u1ec5 d\u00e0ng k\u1ebft n\u1ed1i Internet v\u00e0 c\u00e1c thi\u1ebft b\u1ecb ngo\u1ea1i vi nh\u01b0 \u0111i\u1ec7n tho\u1ea1i, tai nghe, loa.<br \/>\n&#8211; **GPS:** T\u00edch h\u1ee3p GPS ch\u00ednh x\u00e1c, h\u1ed7 tr\u1ee3 d\u1eabn \u0111\u01b0\u1eddng v\u00e0 \u0111\u1ecbnh v\u1ecb, gi\u00fap b\u1ea1n lu\u00f4n \u0111i \u0111\u00fang h\u01b0\u1edbng.<\/p>\n<p><strong>4. **Gi\u1ea3i Tr\u00ed \u0110a Ph\u01b0\u01a1ng Ti\u1ec7n**<\/strong><br \/>\n&#8211; **Xem phim v\u00e0 nghe nh\u1ea1c:** H\u1ed7 tr\u1ee3 ph\u00e1t video HD v\u00e0 \u00e2m nh\u1ea1c ch\u1ea5t l\u01b0\u1ee3ng cao, mang \u0111\u1ebfn tr\u1ea3i nghi\u1ec7m gi\u1ea3i tr\u00ed tuy\u1ec7t v\u1eddi trong su\u1ed1t h\u00e0nh tr\u00ecnh.<br \/>\n&#8211; **Radio v\u00e0 TV tr\u1ef1c tuy\u1ebfn:** Cung c\u1ea5p kh\u1ea3 n\u0103ng truy c\u1eadp c\u00e1c k\u00eanh radio v\u00e0 TV tr\u1ef1c tuy\u1ebfn, gi\u00fap b\u1ea1n lu\u00f4n \u0111\u01b0\u1ee3c c\u1eadp nh\u1eadt tin t\u1ee9c v\u00e0 gi\u1ea3i tr\u00ed.<\/p>\n<p><strong>5. **\u0110i\u1ec1u Khi\u1ec3n B\u1eb1ng Gi\u1ecdng N\u00f3i**<\/strong><br \/>\n&#8211; **Tr\u1ee3 l\u00fd \u1ea3o th\u00f4ng minh:** T\u00edch h\u1ee3p tr\u1ee3 l\u00fd \u1ea3o, cho ph\u00e9p b\u1ea1n \u0111i\u1ec1u khi\u1ec3n thi\u1ebft b\u1ecb b\u1eb1ng gi\u1ecdng n\u00f3i, t\u0103ng t\u00ednh an to\u00e0n v\u00e0 ti\u1ec7n l\u1ee3i khi l\u00e1i xe.<\/p>\n<p><strong>#### \u01afu \u0110i\u1ec3m<\/strong><\/p>\n<p>&#8211; **D\u1ec5 d\u00e0ng l\u1eafp \u0111\u1eb7t:** Zestech DX14 c\u00f3 thi\u1ebft k\u1ebf d\u1ec5 d\u00e0ng l\u1eafp \u0111\u1eb7t, kh\u00f4ng c\u1ea7n thay \u0111\u1ed5i h\u1ec7 th\u1ed1ng \u0111i\u1ec7n c\u1ee7a xe.<br \/>\n&#8211; **N\u00e2ng cao tr\u1ea3i nghi\u1ec7m l\u00e1i xe:** Bi\u1ebfn chi\u1ebfc xe c\u1ee7a b\u1ea1n th\u00e0nh m\u1ed9t kh\u00f4ng gian gi\u1ea3i tr\u00ed v\u00e0 ti\u1ec7n nghi \u0111\u1eb3ng c\u1ea5p.<br \/>\n&#8211; **Gi\u00e1 th\u00e0nh h\u1ee3p l\u00fd:** V\u1edbi nhi\u1ec1u t\u00ednh n\u0103ng v\u01b0\u1ee3t tr\u1ed9i, Zestech DX14 c\u00f3 m\u1ee9c gi\u00e1 h\u1ee3p l\u00fd, ph\u00f9 h\u1ee3p v\u1edbi nhi\u1ec1u ng\u01b0\u1eddi d\u00f9ng.<\/p>\n<p><strong>#### K\u1ebft Lu\u1eadn<\/strong><\/p>\n<p>Android Box Zestech DX14 l\u00e0 s\u1ef1 l\u1ef1a ch\u1ecdn ho\u00e0n h\u1ea3o \u0111\u1ec3 n\u00e2ng c\u1ea5p tr\u1ea3i nghi\u1ec7m gi\u1ea3i tr\u00ed v\u00e0 ti\u1ec7n \u00edch tr\u00ean xe h\u01a1i c\u1ee7a b\u1ea1n. V\u1edbi hi\u1ec7u n\u0103ng m\u1ea1nh m\u1ebd, t\u00ednh n\u0103ng \u0111a d\u1ea1ng v\u00e0 gi\u00e1 c\u1ea3 ph\u1ea3i ch\u0103ng, s\u1ea3n ph\u1ea9m n\u00e0y ch\u1eafc ch\u1eafn s\u1ebd l\u00e0m h\u00e0i l\u00f2ng nh\u1eefng kh\u00e1ch h\u00e0ng kh\u00f3 t\u00ednh nh\u1ea5t. H\u00e3y trang b\u1ecb ngay cho chi\u1ebfc xe c\u1ee7a b\u1ea1n Android Box Zestech DX14 \u0111\u1ec3 t\u1eadn h\u01b0\u1edfng nh\u1eefng chuy\u1ebfn \u0111i th\u00fa v\u1ecb v\u00e0 ti\u1ec7n l\u1ee3i h\u01a1n bao gi\u1edd h\u1ebft!<\/p>","protected":false},"excerpt":{"rendered":"<div style=\"display: flex; flex-direction: column; border-bottom: 1px solid black; white-space: nowrap; margin-bottom: 10px;\">\n<h6 style=\"margin: 0;\"><img decoding=\"async\" class=\"alignnone size-full wp-image-16095\" src=\"https:\/\/vrtechvn.vn\/wp-content\/uploads\/2024\/05\/cpu.jpg\" alt=\"\" width=\"24\" height=\"24\" \/> <strong>CPU<\/strong><\/h6>\n<h6 style=\"margin: 0; align-self: flex-end;\">SM 6225<\/h6>\n<\/div>\n<div style=\"display: flex; flex-direction: column; border-bottom: 1px solid black; white-space: nowrap; margin-top: 10px; margin-bottom: 10px;\">\n<h6 style=\"margin: 0;\"><img decoding=\"async\" class=\"alignnone size-full wp-image-16130\" src=\"https:\/\/vrtechvn.vn\/wp-content\/uploads\/2024\/05\/ram.jpg\" alt=\"\" width=\"24\" height=\"24\" \/> <strong>RAM<\/strong><\/h6>\n<h6 style=\"margin: 0; align-self: flex-end;\"><strong>8G<\/strong><\/h6>\n<\/div>\n<div style=\"display: flex; flex-direction: column; border-bottom: 1px solid black; white-space: nowrap; margin-top: 10px;\">\n<h6 style=\"margin: 0;\"><img decoding=\"async\" class=\"alignnone size-full wp-image-16143\" src=\"https:\/\/vrtechvn.vn\/wp-content\/uploads\/2024\/05\/rom.jpg\" alt=\"\" width=\"24\" height=\"24\" \/> <strong>ROM<\/strong><\/h6>\n<h6 style=\"margin: 0; align-self: flex-end;\"><strong>128G<\/strong><\/h6>\n<\/div>\n<div style=\"display: flex; flex-direction: column; border-bottom: 1px solid black; white-space: nowrap; margin-top: 10px; margin-bottom: 10px;\">\n<h6 style=\"margin: 0;\"><img loading=\"lazy\" decoding=\"async\" class=\"alignnone size-full wp-image-16144\" src=\"https:\/\/vrtechvn.vn\/wp-content\/uploads\/2024\/05\/android.jpg\" alt=\"\" width=\"24\" height=\"24\" \/> <strong>ANDROID<\/strong><\/h6>\n<h6 style=\"margin: 0; align-self: flex-end;\"><strong>Android 13<\/strong><\/h6>\n<\/div>\n<div style=\"display: flex; flex-direction: column; border-bottom: 1px solid black; white-space: nowrap; margin-top: 10px; margin-bottom: 10px;\">\n<h6 style=\"margin: 0;\"><img loading=\"lazy\" decoding=\"async\" class=\"alignnone size-full wp-image-16145\" src=\"https:\/\/vrtechvn.vn\/wp-content\/uploads\/2024\/05\/wifi.jpg\" alt=\"\" width=\"24\" height=\"24\" \/> <strong>WIFI<\/strong><\/h6>\n<h6 style=\"margin: 0; align-self: flex-end;\"><strong>802.11 a\/b\/g\/n\/ac 2.4G<\/strong><\/h6>\n<\/div>\n<div style=\"display: flex; flex-direction: column; border-bottom: 1px solid black; white-space: nowrap; margin-top: 10px; margin-bottom: 10px;\">\n<h6 style=\"margin: 0;\"><img loading=\"lazy\" decoding=\"async\" class=\"alignnone size-full wp-image-16147\" src=\"https:\/\/vrtechvn.vn\/wp-content\/uploads\/2024\/05\/bl.jpg\" alt=\"\" width=\"24\" height=\"24\" \/> <strong>BLUETOOTH<\/strong><\/h6>\n<h6 style=\"margin: 0; align-self: flex-end;\"><strong>4.2 BLE<\/strong><\/h6>\n<\/div>\n<div style=\"display: flex; flex-direction: column; border-bottom: 1px solid black; white-space: nowrap; margin-top: 10px; margin-bottom: 10px;\">\n<h6 style=\"margin: 0;\"><img loading=\"lazy\" decoding=\"async\" class=\"alignnone size-full wp-image-16156\" src=\"https:\/\/vrtechvn.vn\/wp-content\/uploads\/2024\/05\/GPS.jpg\" alt=\"\" width=\"24\" height=\"24\" \/> <strong>GPS<\/strong><\/h6>\n<h6 style=\"margin: 0; align-self: flex-end;\"><strong>Built-in locating Antena support GPS<\/strong><\/h6>\n<\/div>\n<div style=\"display: flex; flex-direction: column; white-space: nowrap; margin-top: 10px; margin-bottom: 10px;\">\n<h6 style=\"margin: 0;\"><img loading=\"lazy\" decoding=\"async\" class=\"alignnone size-full wp-image-16148\" src=\"https:\/\/vrtechvn.vn\/wp-content\/uploads\/2024\/05\/sim.jpg\" alt=\"\" width=\"24\" height=\"24\" \/> <strong>Khe c\u1eafm<\/strong><\/h6>\n<h6 style=\"margin: 0; align-self: flex-end;\"><strong>USB Type C, Khe c\u1eafm th\u1ebb nh\u1edb MicroSD, Sim Card<\/strong><\/h6>\n<\/div>","protected":false},"featured_media":16764,"comment_status":"open","ping_status":"closed","template":"","meta":{"om_disable_all_campaigns":false,"_monsterinsights_skip_tracking":false,"_monsterinsights_sitenote_active":false,"_monsterinsights_sitenote_note":"","_monsterinsights_sitenote_category":0},"product_brand":[],"product_cat":[170],"product_tag":[],"class_list":{"0":"post-16761","1":"product","2":"type-product","3":"status-publish","4":"has-post-thumbnail","6":"product_cat-relate-product","8":"first","9":"instock","10":"shipping-taxable","11":"purchasable","12":"product-type-simple"},"aioseo_notices":[],"_links":{"self":[{"href":"https:\/\/www.vaicar.vn\/en_us\/wp-json\/wp\/v2\/product\/16761","targetHints":{"allow":["GET"]}}],"collection":[{"href":"https:\/\/www.vaicar.vn\/en_us\/wp-json\/wp\/v2\/product"}],"about":[{"href":"https:\/\/www.vaicar.vn\/en_us\/wp-json\/wp\/v2\/types\/product"}],"replies":[{"embeddable":true,"href":"https:\/\/www.vaicar.vn\/en_us\/wp-json\/wp\/v2\/comments?post=16761"}],"version-history":[{"count":1,"href":"https:\/\/www.vaicar.vn\/en_us\/wp-json\/wp\/v2\/product\/16761\/revisions"}],"predecessor-version":[{"id":16765,"href":"https:\/\/www.vaicar.vn\/en_us\/wp-json\/wp\/v2\/product\/16761\/revisions\/16765"}],"wp:featuredmedia":[{"embeddable":true,"href":"https:\/\/www.vaicar.vn\/en_us\/wp-json\/wp\/v2\/media\/16764"}],"wp:attachment":[{"href":"https:\/\/www.vaicar.vn\/en_us\/wp-json\/wp\/v2\/media?parent=16761"}],"wp:term":[{"taxonomy":"product_brand","embeddable":true,"href":"https:\/\/www.vaicar.vn\/en_us\/wp-json\/wp\/v2\/product_brand?post=16761"},{"taxonomy":"product_cat","embeddable":true,"href":"https:\/\/www.vaicar.vn\/en_us\/wp-json\/wp\/v2\/product_cat?post=16761"},{"taxonomy":"product_tag","embeddable":true,"href":"https:\/\/www.vaicar.vn\/en_us\/wp-json\/wp\/v2\/product_tag?post=16761"}],"curies":[{"name":"wp","href":"https:\/\/api.w.org\/{rel}","templated":true}]}}