{"id":16792,"date":"2025-04-07T19:47:14","date_gmt":"2025-04-07T12:47:14","guid":{"rendered":"https:\/\/www.vaicar.vn\/?post_type=product&#038;p=16792"},"modified":"2025-04-07T19:47:14","modified_gmt":"2025-04-07T12:47:14","slug":"vietmap-m1","status":"publish","type":"product","link":"https:\/\/www.vaicar.vn\/en_us\/product\/vietmap-m1\/","title":{"rendered":"Vietmap M1"},"content":{"rendered":"<p><strong>**Hi\u1ec7u su\u1ea5t V\u01b0\u1ee3t tr\u1ed9i:**<\/strong><\/p>\n<p>Camera h\u00e0nh tr\u00ecnh Vietmap M1 l\u00e0 m\u1ed9t c\u00f4ng c\u1ee5 quan tr\u1ecdng \u0111\u1ec3 b\u1ea3o v\u1ec7 m\u1ecdi chuy\u1ebfn \u0111i c\u1ee7a b\u1ea1n, mang l\u1ea1i hi\u1ec7u su\u1ea5t v\u01b0\u1ee3t tr\u1ed9i trong vi\u1ec7c ghi l\u1ea1i m\u1ecdi chi ti\u1ebft tr\u00ean \u0111\u01b0\u1eddng v\u00e0 b\u1ea3o v\u1ec7 an to\u00e0n c\u1ee7a b\u1ea1n. V\u1edbi ch\u1ea5t l\u01b0\u1ee3ng h\u00ecnh \u1ea3nh s\u1eafc n\u00e9t v\u00e0 t\u00ednh n\u0103ng th\u00f4ng minh, Vietmap M1 l\u00e0 m\u1ed9t \u0111\u1ed1i t\u00e1c \u0111\u00e1ng tin c\u1eady trong m\u1ecdi t\u00ecnh hu\u1ed1ng.<\/p>\n<p><strong>**Ch\u1ea5t L\u01b0\u1ee3ng H\u00ecnh \u1ea2nh v\u00e0 \u00c2m Thanh:**<\/strong><\/p>\n<p>Vietmap M1 ghi l\u1ea1i m\u1ecdi chi ti\u1ebft tr\u00ean \u0111\u01b0\u1eddng v\u1edbi \u0111\u1ed9 ph\u00e2n gi\u1ea3i cao v\u00e0 \u00e2m thanh ch\u1ea5t l\u01b0\u1ee3ng. B\u1ea1n c\u00f3 th\u1ec3 tin t\u01b0\u1edfng v\u00e0o h\u00ecnh \u1ea3nh s\u1eafc n\u00e9t v\u00e0 \u00e2m thanh r\u00f5 r\u00e0ng m\u1ed7i khi c\u1ea7n thi\u1ebft.<\/p>\n<p><strong>**T\u00ednh N\u0103ng An To\u00e0n v\u00e0 Ph\u00e1t Hi\u1ec7n Va Ch\u1ea1m:**<\/strong><\/p>\n<p>V\u1edbi t\u00ednh n\u0103ng ph\u00e1t hi\u1ec7n va ch\u1ea1m, Vietmap M1 t\u1ef1 \u0111\u1ed9ng ghi l\u1ea1i v\u00e0 b\u1ea3o v\u1ec7 d\u1eef li\u1ec7u quan tr\u1ecdng trong tr\u01b0\u1eddng h\u1ee3p x\u1ea3y ra va ch\u1ea1m. \u0110i\u1ec1u n\u00e0y gi\u00fap b\u1ea1n c\u00f3 b\u1eb1ng ch\u1ee9ng v\u1ec1 s\u1ef1 ki\u1ec7n v\u00e0 b\u1ea3o v\u1ec7 quy\u1ec1n l\u1ee3i c\u1ee7a m\u00ecnh trong m\u1ecdi t\u00ecnh hu\u1ed1ng.<\/p>\n<p><strong>**K\u1ebft N\u1ed1i v\u00e0 T\u01b0\u01a1ng Th\u00edch:**<\/strong><\/p>\n<p>Vietmap M1 d\u1ec5 d\u00e0ng k\u1ebft n\u1ed1i v\u1edbi \u1ee9ng d\u1ee5ng di \u0111\u1ed9ng c\u1ee7a b\u1ea1n, cho ph\u00e9p b\u1ea1n xem v\u00e0 qu\u1ea3n l\u00fd video tr\u1ef1c ti\u1ebfp t\u1eeb \u0111i\u1ec7n tho\u1ea1i. Ngo\u00e0i ra, n\u00f3 t\u01b0\u01a1ng th\u00edch v\u1edbi h\u1ea7u h\u1ebft c\u00e1c lo\u1ea1i xe h\u01a1i v\u00e0 h\u1ec7 th\u1ed1ng \u0111i\u1ec7n hi\u1ec7n \u0111\u1ea1i.<\/p>\n<p><strong>**B\u1ea3o m\u1eadt v\u00e0 C\u1eadp Nh\u1eadt Th\u01b0\u1eddng Xuy\u00ean:**<\/strong><\/p>\n<p>Vietmap cam k\u1ebft \u0111\u1ea3m b\u1ea3o an to\u00e0n v\u00e0 b\u1ea3o m\u1eadt cho ng\u01b0\u1eddi d\u00f9ng, \u0111\u1ed3ng th\u1eddi cung c\u1ea5p c\u00e1c c\u1eadp nh\u1eadt ph\u1ea7n m\u1ec1m \u0111\u1ecbnh k\u1ef3 \u0111\u1ec3 gi\u1eef cho thi\u1ebft b\u1ecb c\u1ee7a b\u1ea1n lu\u00f4n ho\u1ea1t \u0111\u1ed9ng \u1ed5n \u0111\u1ecbnh v\u00e0 an to\u00e0n nh\u1ea5t.<\/p>","protected":false},"excerpt":{"rendered":"<div style=\"display: flex; flex-direction: column; border-bottom: 1px solid black; white-space: nowrap; margin-bottom: 10px;\">\n<h6 style=\"margin: 0;\"><strong>PIN<\/strong><\/h6>\n<h6 style=\"margin: 0; align-self: flex-end;\"><strong>500mAh<\/strong><\/h6>\n<\/div>\n<div style=\"display: flex; flex-direction: column; border-bottom: 1px solid black; white-space: nowrap; margin-top: 10px; margin-bottom: 10px;\">\n<h6 style=\"margin: 0;\"><strong>SIZE<\/strong><\/h6>\n<h6 style=\"margin: 0; align-self: flex-end;\"><strong>3.18 Inch<\/strong><\/h6>\n<\/div>\n<div style=\"display: flex; flex-direction: column; border-bottom: 1px solid black; white-space: nowrap; margin-top: 10px;\">\n<h6 style=\"margin: 0;\">\u0110\u1ed8 PH\u00c2N GI\u1ea2I<\/h6>\n<h6 style=\"margin: 0; align-self: flex-end;\"><strong>1920&#215;1080<\/strong><\/h6>\n<\/div>\n<div style=\"display: flex; flex-direction: column; border-bottom: 1px solid black; white-space: nowrap; margin-top: 10px; margin-bottom: 10px;\">\n<h6 style=\"margin: 0;\"><strong>WIFI<\/strong><\/h6>\n<h6 style=\"margin: 0; align-self: flex-end;\"><strong>802.11 a\/b\/g\/n\/ac 2.4G<\/strong><\/h6>\n<\/div>\n<div style=\"display: flex; flex-direction: column; border-bottom: 1px solid black; white-space: nowrap; margin-top: 10px; margin-bottom: 10px;\">\n<h6 style=\"margin: 0;\"><strong>BLUETOOTH<\/strong><\/h6>\n<h6 style=\"margin: 0; align-self: flex-end;\"><strong>4.2 BLE + 5.0 BLE<\/strong><\/h6>\n<\/div>\n<div style=\"display: flex; flex-direction: column; border-bottom: 1px solid black; white-space: nowrap; margin-top: 10px; margin-bottom: 10px;\">\n<h6 style=\"margin: 0;\"><strong>GPS<\/strong><\/h6>\n<h6 style=\"margin: 0; align-self: flex-end;\"><strong>Built-in locating Antena support GPS<\/strong><\/h6>\n<\/div>","protected":false},"featured_media":16796,"comment_status":"open","ping_status":"closed","template":"","meta":{"om_disable_all_campaigns":false,"_monsterinsights_skip_tracking":false,"_monsterinsights_sitenote_active":false,"_monsterinsights_sitenote_note":"","_monsterinsights_sitenote_category":0},"product_brand":[],"product_cat":[170],"product_tag":[],"class_list":{"0":"post-16792","1":"product","2":"type-product","3":"status-publish","4":"has-post-thumbnail","6":"product_cat-relate-product","8":"first","9":"instock","10":"shipping-taxable","11":"purchasable","12":"product-type-simple"},"aioseo_notices":[],"_links":{"self":[{"href":"https:\/\/www.vaicar.vn\/en_us\/wp-json\/wp\/v2\/product\/16792","targetHints":{"allow":["GET"]}}],"collection":[{"href":"https:\/\/www.vaicar.vn\/en_us\/wp-json\/wp\/v2\/product"}],"about":[{"href":"https:\/\/www.vaicar.vn\/en_us\/wp-json\/wp\/v2\/types\/product"}],"replies":[{"embeddable":true,"href":"https:\/\/www.vaicar.vn\/en_us\/wp-json\/wp\/v2\/comments?post=16792"}],"version-history":[{"count":2,"href":"https:\/\/www.vaicar.vn\/en_us\/wp-json\/wp\/v2\/product\/16792\/revisions"}],"predecessor-version":[{"id":16798,"href":"https:\/\/www.vaicar.vn\/en_us\/wp-json\/wp\/v2\/product\/16792\/revisions\/16798"}],"wp:featuredmedia":[{"embeddable":true,"href":"https:\/\/www.vaicar.vn\/en_us\/wp-json\/wp\/v2\/media\/16796"}],"wp:attachment":[{"href":"https:\/\/www.vaicar.vn\/en_us\/wp-json\/wp\/v2\/media?parent=16792"}],"wp:term":[{"taxonomy":"product_brand","embeddable":true,"href":"https:\/\/www.vaicar.vn\/en_us\/wp-json\/wp\/v2\/product_brand?post=16792"},{"taxonomy":"product_cat","embeddable":true,"href":"https:\/\/www.vaicar.vn\/en_us\/wp-json\/wp\/v2\/product_cat?post=16792"},{"taxonomy":"product_tag","embeddable":true,"href":"https:\/\/www.vaicar.vn\/en_us\/wp-json\/wp\/v2\/product_tag?post=16792"}],"curies":[{"name":"wp","href":"https:\/\/api.w.org\/{rel}","templated":true}]}}