{"id":16799,"date":"2025-04-07T19:50:55","date_gmt":"2025-04-07T12:50:55","guid":{"rendered":"https:\/\/www.vaicar.vn\/?post_type=product&#038;p=16799"},"modified":"2025-04-07T19:50:55","modified_gmt":"2025-04-07T12:50:55","slug":"vietmap-bs10","status":"publish","type":"product","link":"https:\/\/www.vaicar.vn\/en_us\/product\/vietmap-bs10\/","title":{"rendered":"VietMap BS10"},"content":{"rendered":"<p><strong>1. Thi\u1ebft K\u1ebf Ti\u1ec7n Nghi v\u00e0 Tinh T\u1ebf:<\/strong><br \/>\nAndroid Box Vietmap BS10 \u0111\u01b0\u1ee3c thi\u1ebft k\u1ebf v\u1edbi s\u1ef1 t\u1eadp trung v\u00e0o chi ti\u1ebft v\u00e0 ti\u1ec7n \u00edch. V\u1edbi m\u00e0n h\u00ecnh c\u1ea3m \u1ee9ng hi\u1ec3n th\u1ecb r\u1ed9ng l\u1edbn v\u00e0 giao di\u1ec7n \u0111\u1ed3 h\u1ecda th\u00e2n thi\u1ec7n, vi\u1ec7c \u0111i\u1ec1u khi\u1ec3n v\u00e0 t\u01b0\u01a1ng t\u00e1c tr\u1edf n\u00ean d\u1ec5 d\u00e0ng v\u00e0 tho\u1ea3i m\u00e1i h\u01a1n bao gi\u1edd h\u1ebft. V\u1eadt li\u1ec7u ch\u1ea5t l\u01b0\u1ee3ng cao v\u00e0 c\u00f4ng ngh\u1ec7 s\u1ea3n xu\u1ea5t ti\u00ean ti\u1ebfn gi\u00fap BS10 th\u00edch \u1ee9ng t\u1ed1t v\u1edbi m\u1ecdi \u0111i\u1ec1u ki\u1ec7n m\u00f4i tr\u01b0\u1eddng v\u00e0 \u0111\u1ea3m b\u1ea3o \u0111\u1ed9 b\u1ec1n b\u1ec9 trong th\u1eddi gian d\u00e0i s\u1eed d\u1ee5ng.<\/p>\n<p><img fetchpriority=\"high\" decoding=\"async\" class=\"aligncenter\" src=\"https:\/\/bizweb.dktcdn.net\/100\/415\/690\/files\/biggic-1-44775ba5-285e-4e82-bea7-85ccebd17e84.png?v=1684218198949\" width=\"742\" height=\"430\" \/><\/p>\n<p><strong>2. \u0110a Ch\u1ee9c N\u0103ng v\u00e0 Linh Ho\u1ea1t:<\/strong><br \/>\nBS10 kh\u00f4ng ch\u1ec9 l\u00e0 m\u1ed9t thi\u1ebft b\u1ecb gi\u1ea3i tr\u00ed th\u00f4ng minh m\u00e0 c\u00f2n l\u00e0 m\u1ed9t tr\u1ee3 th\u1ee7 \u0111\u1eafc l\u1ef1c trong vi\u1ec7c tr\u1ea3i nghi\u1ec7m \u0111a d\u1ea1ng c\u00e1c ch\u1ee9c n\u0103ng. T\u00edch h\u1ee3p nhi\u1ec1u t\u00ednh n\u0103ng th\u00f4ng minh nh\u01b0 k\u1ebft n\u1ed1i internet, xem phim tr\u1ef1c tuy\u1ebfn, nghe nh\u1ea1c, tr\u00ecnh duy\u1ec7t web v\u00e0 kh\u1ea3 n\u0103ng \u0111i\u1ec1u khi\u1ec3n b\u1eb1ng gi\u1ecdng n\u00f3i, BS10 mang \u0111\u1ebfn tr\u1ea3i nghi\u1ec7m gi\u1ea3i tr\u00ed tuy\u1ec7t v\u1eddi v\u00e0 thu\u1eadn ti\u1ec7n. [read more]<\/p>\n<p><strong>3. An To\u00e0n \u0110\u1eb7t L\u00ean H\u00e0ng \u0110\u1ea7u:<\/strong><br \/>\nV\u1edbi vi\u1ec7c t\u00edch h\u1ee3p c\u00e1c t\u00ednh n\u0103ng an to\u00e0n nh\u01b0 b\u1ea3o m\u1eadt d\u1eef li\u1ec7u, h\u1ed7 tr\u1ee3 c\u1eadp nh\u1eadt ph\u1ea7n m\u1ec1m \u0111\u1ecbnh k\u1ef3 v\u00e0 kh\u1ea3 n\u0103ng \u0111\u1eb7t m\u1eadt kh\u1ea9u truy c\u1eadp, BS10 mang \u0111\u1ebfn s\u1ef1 y\u00ean t\u00e2m tuy\u1ec7t \u0111\u1ed1i cho ng\u01b0\u1eddi d\u00f9ng trong vi\u1ec7c b\u1ea3o v\u1ec7 th\u00f4ng tin c\u00e1 nh\u00e2n v\u00e0 d\u1eef li\u1ec7u quan tr\u1ecdng.<\/p>\n<p><img decoding=\"async\" class=\"aligncenter\" src=\"https:\/\/bizweb.dktcdn.net\/100\/415\/690\/files\/baner-bs10-3.jpg?v=1714725586199\" width=\"737\" height=\"427\" \/><\/p>\n<p><strong>4. T\u01b0\u01a1ng Th\u00edch v\u00e0 K\u1ebft N\u1ed1i D\u1ec5 D\u00e0ng:<\/strong><br \/>\nBS10 \u0111\u01b0\u1ee3c thi\u1ebft k\u1ebf \u0111\u1ec3 t\u01b0\u01a1ng th\u00edch v\u1edbi m\u1ed9t lo\u1ea1t c\u00e1c thi\u1ebft b\u1ecb v\u00e0 h\u1ec7 th\u1ed1ng gi\u1ea3i tr\u00ed kh\u00e1c nhau. V\u1edbi c\u1ed5ng k\u1ebft n\u1ed1i \u0111a d\u1ea1ng nh\u01b0 HDMI, USB, v\u00e0 khe c\u1eafm th\u1ebb nh\u1edb, vi\u1ec7c k\u1ebft n\u1ed1i v\u1edbi c\u00e1c thi\u1ebft b\u1ecb ngo\u1ea1i vi v\u00e0 truy c\u1eadp v\u00e0o n\u1ed9i dung gi\u1ea3i tr\u00ed tr\u1edf n\u00ean v\u00f4 c\u00f9ng thu\u1eadn ti\u1ec7n v\u00e0 linh ho\u1ea1t.<\/p>\n<p><strong>5. Ti\u00ean Ti\u1ebfn v\u00e0 B\u1ec1n B\u1ec9:<\/strong><br \/>\nBS10 \u0111\u01b0\u1ee3c x\u00e2y d\u1ef1ng tr\u00ean n\u1ec1n t\u1ea3ng c\u00f4ng ngh\u1ec7 ti\u00ean ti\u1ebfn nh\u1ea5t, \u0111\u1ea3m b\u1ea3o hi\u1ec7u su\u1ea5t ho\u1ea1t \u0111\u1ed9ng m\u1ea1nh m\u1ebd v\u00e0 \u1ed5n \u0111\u1ecbnh trong m\u1ecdi t\u00ecnh hu\u1ed1ng. \u0110\u1ed3ng th\u1eddi, vi\u1ec7c thi\u1ebft k\u1ebf ch\u1eafc ch\u1eafn v\u00e0 b\u1ec1n b\u1ec9 gi\u00fap BS10 tr\u1edf th\u00e0nh m\u1ed9t ng\u01b0\u1eddi b\u1ea1n \u0111\u1ed3ng h\u00e0nh \u0111\u00e1ng tin c\u1eady trong m\u1ecdi tr\u1ea3i nghi\u1ec7m gi\u1ea3i tr\u00ed v\u00e0 l\u00e0m vi\u1ec7c h\u00e0ng ng\u00e0y.<\/p>\n<p><img decoding=\"async\" class=\"aligncenter\" src=\"https:\/\/bizweb.dktcdn.net\/100\/415\/690\/files\/biggic-2-015e02b6-af0d-4d11-9f4c-6c35715ab357.png?v=1684218216809\" width=\"730\" height=\"423\" \/><\/p>\n<p>[\/read]<\/p>","protected":false},"excerpt":{"rendered":"<div style=\"display: flex; flex-direction: column; border-bottom: 1px solid black; white-space: nowrap; margin-bottom: 10px;\">\n<h6 style=\"margin: 0;\"><strong>T\u1ea6N S\u1ed0 L\u00c0M VI\u1ec6C<\/strong><\/h6>\n<h6 style=\"margin: 0; align-self: flex-end;\"><strong>433.92MHz<\/strong><\/h6>\n<\/div>\n<div style=\"display: flex; flex-direction: column; border-bottom: 1px solid black; white-space: nowrap; margin-top: 10px; margin-bottom: 10px;\">\n<h6 style=\"margin: 0;\"><strong>\u0110I\u1ec6N \u00c1P L\u00c0M VI\u1ec6C<\/strong><\/h6>\n<h6 style=\"margin: 0; align-self: flex-end;\"><strong>2,6 &#8211; 3,6V<\/strong><\/h6>\n<\/div>\n<div style=\"display: flex; flex-direction: column; border-bottom: 1px solid black; white-space: nowrap; margin-top: 10px;\">\n<h6 style=\"margin: 0;\"><strong>NHI\u1ec6T \u0110\u1ed8 L\u00c0M VI\u1ec6C<\/strong><\/h6>\n<h6 style=\"margin: 0; align-self: flex-end;\"><strong>-20&#8217;C &#8211; 80&#8217;C<\/strong><\/h6>\n<\/div>\n<div style=\"display: flex; flex-direction: column; border-bottom: 1px solid black; white-space: nowrap; margin-top: 10px; margin-bottom: 10px;\">\n<h6 style=\"margin: 0;\"><strong>\u0110\u1ed8 \u1ea8M<\/strong><\/h6>\n<h6 style=\"margin: 0; align-self: flex-end;\"><strong>0% ~ 100%<\/strong><\/h6>\n<\/div>\n<div style=\"display: flex; flex-direction: column; border-bottom: 1px solid black; white-space: nowrap; margin-top: 10px; margin-bottom: 10px;\">\n<h6 style=\"margin: 0;\">NHI\u1ec6T \u0110\u1ed8 \u0110\u1eccC<\/h6>\n<h6 style=\"margin: 0; align-self: flex-end;\"><strong>1&#8217;C<\/strong><\/h6>\n<\/div>\n<div style=\"display: flex; flex-direction: column; border-bottom: 1px solid black; white-space: nowrap; margin-top: 10px; margin-bottom: 10px;\">\n<h6 style=\"margin: 0;\"><strong>\u00c1P SU\u1ea4T L\u1ed0P HI\u1ec2N TH\u1eca<\/strong><\/h6>\n<h6 style=\"margin: 0; align-self: flex-end;\"><strong>99 PSI<\/strong><\/h6>\n<\/div>\n<div style=\"display: flex; flex-direction: column; border-bottom: 1px solid black; white-space: nowrap; margin-top: 10px; margin-bottom: 10px;\">\n<h6 style=\"margin: 0;\"><strong>\u00c1P L\u1ef0C \u0110\u1eccC<\/strong><\/h6>\n<h6 style=\"margin: 0; align-self: flex-end;\"><strong>0.1Bar<\/strong><\/h6>\n<\/div>","protected":false},"featured_media":16802,"comment_status":"open","ping_status":"closed","template":"","meta":{"om_disable_all_campaigns":false,"_monsterinsights_skip_tracking":false,"_monsterinsights_sitenote_active":false,"_monsterinsights_sitenote_note":"","_monsterinsights_sitenote_category":0},"product_brand":[],"product_cat":[170],"product_tag":[],"class_list":{"0":"post-16799","1":"product","2":"type-product","3":"status-publish","4":"has-post-thumbnail","6":"product_cat-relate-product","8":"first","9":"instock","10":"shipping-taxable","11":"purchasable","12":"product-type-variable"},"aioseo_notices":[],"_links":{"self":[{"href":"https:\/\/www.vaicar.vn\/en_us\/wp-json\/wp\/v2\/product\/16799","targetHints":{"allow":["GET"]}}],"collection":[{"href":"https:\/\/www.vaicar.vn\/en_us\/wp-json\/wp\/v2\/product"}],"about":[{"href":"https:\/\/www.vaicar.vn\/en_us\/wp-json\/wp\/v2\/types\/product"}],"replies":[{"embeddable":true,"href":"https:\/\/www.vaicar.vn\/en_us\/wp-json\/wp\/v2\/comments?post=16799"}],"version-history":[{"count":1,"href":"https:\/\/www.vaicar.vn\/en_us\/wp-json\/wp\/v2\/product\/16799\/revisions"}],"predecessor-version":[{"id":16805,"href":"https:\/\/www.vaicar.vn\/en_us\/wp-json\/wp\/v2\/product\/16799\/revisions\/16805"}],"wp:featuredmedia":[{"embeddable":true,"href":"https:\/\/www.vaicar.vn\/en_us\/wp-json\/wp\/v2\/media\/16802"}],"wp:attachment":[{"href":"https:\/\/www.vaicar.vn\/en_us\/wp-json\/wp\/v2\/media?parent=16799"}],"wp:term":[{"taxonomy":"product_brand","embeddable":true,"href":"https:\/\/www.vaicar.vn\/en_us\/wp-json\/wp\/v2\/product_brand?post=16799"},{"taxonomy":"product_cat","embeddable":true,"href":"https:\/\/www.vaicar.vn\/en_us\/wp-json\/wp\/v2\/product_cat?post=16799"},{"taxonomy":"product_tag","embeddable":true,"href":"https:\/\/www.vaicar.vn\/en_us\/wp-json\/wp\/v2\/product_tag?post=16799"}],"curies":[{"name":"wp","href":"https:\/\/api.w.org\/{rel}","templated":true}]}}